{"id":13639,"date":"2025-01-23T18:06:13","date_gmt":"2025-01-23T10:06:13","guid":{"rendered":"http:\/\/110.40.26.106:8086\/?page_id=13639"},"modified":"2025-01-23T18:06:13","modified_gmt":"2025-01-23T10:06:13","slug":"privacy-policy-3","status":"publish","type":"page","link":"https:\/\/hi-dolphin.com\/pt\/privacy-policy-3\/","title":{"rendered":"Pol\u00edtica de privacidade"},"content":{"rendered":"<h2 class=\"wp-block-heading\">Biscoitos<\/h2>\n\n\n\n<p>O nosso&nbsp;<a href=\"https:\/\/wordpress.org\/about\/privacy\/\">Pol\u00edtica de privacidade<\/a>&nbsp;explica os nossos princ\u00edpios no que diz respeito \u00e0 recolha, processamento e armazenamento das suas informa\u00e7\u00f5es. A Pol\u00edtica de Cookies explica especificamente como n\u00f3s, os nossos parceiros e os utilizadores dos nossos servi\u00e7os utilizam os cookies, bem como as op\u00e7\u00f5es de que disp\u00f5e para os controlar.<\/p>\n\n\n\n<h2 class=\"wp-block-heading\">O que s\u00e3o bolachas?<\/h2>\n\n\n\n<p>Os cookies s\u00e3o pequenos peda\u00e7os de dados, armazenados em ficheiros de texto, que s\u00e3o guardados no seu computador ou noutro dispositivo quando os s\u00edtios Web s\u00e3o carregados num browser. S\u00e3o amplamente utilizados para \u2018recordar\u2019 o utilizador e as suas prefer\u00eancias, quer para uma \u00fanica visita (atrav\u00e9s de um \u2018cookie de sess\u00e3o\u2019), quer para m\u00faltiplas visitas repetidas (utilizando um \u2018cookie persistente\u2019). Asseguram uma experi\u00eancia consistente e eficiente para os visitantes e desempenham fun\u00e7\u00f5es essenciais, como permitir que os utilizadores se registem e mantenham a sess\u00e3o iniciada. Os cookies podem ser definidos pelo s\u00edtio que o utilizador est\u00e1 a visitar (conhecidos como \u2018cookies originais\u2019) ou por terceiros, como os que fornecem conte\u00fados ou servi\u00e7os de publicidade ou de an\u00e1lise no s\u00edtio Web (\u2018cookies de terceiros\u2019).<\/p>\n\n\n\n<h2 class=\"wp-block-heading\">Cookies definidos pelo WordPress.org<\/h2>\n\n\n\n<p>Utilizamos cookies para uma s\u00e9rie de objectivos diferentes. Alguns cookies s\u00e3o necess\u00e1rios por raz\u00f5es t\u00e9cnicas; outros permitem uma experi\u00eancia personalizada tanto para visitantes como para utilizadores registados; e outros permitem a apresenta\u00e7\u00e3o de publicidade de redes de terceiros selecionadas. Alguns destes cookies podem ser definidos quando uma p\u00e1gina \u00e9 carregada ou quando um visitante executa uma determinada a\u00e7\u00e3o (clicar no bot\u00e3o \u2018gostar\u2019 ou \u2018seguir\u2019 numa publica\u00e7\u00e3o, por exemplo).<\/p>\n\n\n\n<p>Abaixo est\u00e3o descritas as diferentes categorias de cookies definidas pelo WordPress.org, com exemplos espec\u00edficos detalhados nas tabelas que se seguem. Isto inclui o seu nome e objetivo. Alguns cookies s\u00e3o definidos apenas para os visitantes com sess\u00e3o iniciada, enquanto outros s\u00e3o definidos para qualquer visitante, e s\u00e3o assinalados abaixo em conformidade. Quando um cookie se aplica apenas a subdom\u00ednios espec\u00edficos, estes s\u00e3o inclu\u00eddos no cabe\u00e7alho relevante.<\/p>\n\n\n\n<p><strong>Estritamente necess\u00e1rio<\/strong>: Estes s\u00e3o os cookies essenciais para que o WordPress.org desempenhe fun\u00e7\u00f5es b\u00e1sicas. Estes incluem os necess\u00e1rios para permitir que os utilizadores registados se autentiquem e executem fun\u00e7\u00f5es relacionadas com a conta.<\/p>\n\n\n\n<p><strong>Funcionalidade<\/strong>: Estes cookies s\u00e3o utilizados para armazenar as prefer\u00eancias definidas pelos utilizadores, como o nome da conta, o idioma e a localiza\u00e7\u00e3o.<\/p>\n\n\n\n<p><strong>Desempenho<\/strong>: Os cookies de desempenho recolhem informa\u00e7\u00f5es sobre a forma como os utilizadores interagem com os s\u00edtios Web alojados no WordPress.org, incluindo as p\u00e1ginas mais visitadas, bem como outros dados anal\u00edticos. Estes dados s\u00e3o utilizados apenas para melhorar o funcionamento do s\u00edtio Web.<\/p>\n\n\n\n<p><strong>Rastreio<\/strong>: Estes s\u00e3o definidos por redes de terceiros de confian\u00e7a (por exemplo, Google Analytics) para rastrear detalhes como o n\u00famero de visitantes \u00fanicos e visualiza\u00e7\u00f5es de p\u00e1ginas para ajudar a melhorar a experi\u00eancia do utilizador.<\/p>\n\n\n\n<p><strong>Conte\u00fado de terceiros\/incorporado<\/strong>: O WordPress.org utiliza diferentes aplica\u00e7\u00f5es e servi\u00e7os de terceiros para melhorar a experi\u00eancia dos visitantes do s\u00edtio Web. Estes incluem plataformas de redes sociais como o Facebook e o Twitter (atrav\u00e9s da utiliza\u00e7\u00e3o de bot\u00f5es de partilha), ou conte\u00fados incorporados do YouTube e do Vimeo. Consequentemente, os cookies podem ser definidos por estes terceiros e utilizados por eles para rastrear a sua atividade online. N\u00e3o temos qualquer controlo direto sobre as informa\u00e7\u00f5es recolhidas por estes cookies.<\/p>","protected":false},"excerpt":{"rendered":"<p>Cookies A nossa Pol\u00edtica de Privacidade explica os nossos princ\u00edpios no que diz respeito \u00e0 recolha, processamento e armazenamento das suas informa\u00e7\u00f5es. A Pol\u00edtica de Cookies explica especificamente como n\u00f3s, os nossos parceiros e os utilizadores dos nossos servi\u00e7os utilizam os cookies, bem como as op\u00e7\u00f5es de que disp\u00f5e para os controlar. O que s\u00e3o cookies? Os cookies s\u00e3o pequenos peda\u00e7os de dados, armazenados em texto [...]<\/p>","protected":false},"author":3,"featured_media":0,"parent":0,"menu_order":0,"comment_status":"closed","ping_status":"closed","template":"","meta":{"_seopress_robots_primary_cat":"","_seopress_titles_title":"","_seopress_titles_desc":"","_seopress_robots_index":"","footnotes":""},"class_list":["post-13639","page","type-page","status-publish","hentry"],"blocksy_meta":[],"_links":{"self":[{"href":"https:\/\/hi-dolphin.com\/pt\/wp-json\/wp\/v2\/pages\/13639","targetHints":{"allow":["GET"]}}],"collection":[{"href":"https:\/\/hi-dolphin.com\/pt\/wp-json\/wp\/v2\/pages"}],"about":[{"href":"https:\/\/hi-dolphin.com\/pt\/wp-json\/wp\/v2\/types\/page"}],"author":[{"embeddable":true,"href":"https:\/\/hi-dolphin.com\/pt\/wp-json\/wp\/v2\/users\/3"}],"replies":[{"embeddable":true,"href":"https:\/\/hi-dolphin.com\/pt\/wp-json\/wp\/v2\/comments?post=13639"}],"version-history":[{"count":0,"href":"https:\/\/hi-dolphin.com\/pt\/wp-json\/wp\/v2\/pages\/13639\/revisions"}],"wp:attachment":[{"href":"https:\/\/hi-dolphin.com\/pt\/wp-json\/wp\/v2\/media?parent=13639"}],"curies":[{"name":"wp","href":"https:\/\/api.w.org\/{rel}","templated":true}]}}