{"id":13525,"date":"2025-01-23T16:22:29","date_gmt":"2025-01-23T08:22:29","guid":{"rendered":"http:\/\/110.40.26.106:8086\/?page_id=13525"},"modified":"2025-01-23T16:24:52","modified_gmt":"2025-01-23T08:24:52","slug":"privacy-policy-2","status":"publish","type":"page","link":"https:\/\/hi-dolphin.com\/fr\/privacy-policy-2\/","title":{"rendered":"Politique de confidentialit\u00e9"},"content":{"rendered":"<p>La soci\u00e9t\u00e9 Dolphin Robot Technology respecte pleinement la vie priv\u00e9e de ses clients. Afin de maintenir la confidentialit\u00e9 de toutes les informations que vous nous fournissez, nous adh\u00e9rons strictement \u00e0 la Politique de Confidentialit\u00e9 d\u00e9crite ci-dessous.<\/p>\n\n\n\n<p>Champ d'application de la Politique de Confidentialit\u00e9<\/p>\n\n\n\n<p>Pour que les utilisateurs du site puissent soumettre des informations et que le serveur ne laisse pas d'informations personnellement identifiables.<\/p>\n\n\n\n<p>Contenu de la collecte d'informations<\/p>\n\n\n\n<p>Apr\u00e8s avoir soumis votre commande, je collecterai vos informations personnellement identifiables, y compris le nom, l'adresse e-mail, le code postal, l'adresse du destinataire, le t\u00e9l\u00e9phone, etc.<\/p>\n\n\n\n<p>Notre soci\u00e9t\u00e9 peut automatiquement recevoir et enregistrer les d\u00e9tails contenus dans le journal de votre navigateur ou serveur, y compris mais sans s'y limiter votre adresse IP, les informations contenues dans nos cookies et les enregistrements des pages web que vous avez visit\u00e9es.<\/p>\n\n\n\n<p>Protection et utilisation des informations<\/p>\n\n\n\n<p>Les informations d\u00e9crites ci-dessus collect\u00e9es par notre soci\u00e9t\u00e9 seront utilis\u00e9es pour :<\/p>\n\n\n\n<p>Fournir des services de produits aux clients ;<\/p>\n\n\n\n<p>fournir aux clients des produits, des incitations et des services de distribution ;<\/p>\n\n\n\n<p>Fournir d'autres services aux clients.<\/p>\n\n\n\n<p>Les informations d\u00e9tenues par notre soci\u00e9t\u00e9 concernant un client seront tenues confidentielles sauf dans les circonstances suivantes :<\/p>\n\n\n\n<p>Vous acceptez de partager l'information avec un tiers ;<\/p>\n\n\n\n<p>Le produit et les services que vous avez demand\u00e9s ne peuvent \u00eatre offerts qu'avec la divulgation de vos informations ;<\/p>\n\n\n\n<p>Les informations sont divulgu\u00e9es de mani\u00e8re appropri\u00e9e par notre soci\u00e9t\u00e9 dans le cadre de ses attributions autoris\u00e9es comme l'exige la loi, sur ordre d'une autorit\u00e9 comp\u00e9tente ou comme requis dans le cadre de proc\u00e9dures l\u00e9gales ;<\/p>\n\n\n\n<p>Lorsque notre soci\u00e9t\u00e9 est tenue par la loi de divulguer des informations \u00e0 un tiers dans des circonstances o\u00f9 notre soci\u00e9t\u00e9 d\u00e9couvre une violation des conditions de service ou toute autre r\u00e9glementation relative \u00e0 l'utilisation des produits et services de notre soci\u00e9t\u00e9 ;<\/p>\n\n\n\n<p>Dans le but de pr\u00e9server les int\u00e9r\u00eats des clients et du public en cas d'urgence ;<\/p>\n\n\n\n<p>Toute autre circonstance o\u00f9 notre soci\u00e9t\u00e9 consid\u00e8re qu'il est n\u00e9cessaire de publier, compiler ou divulguer les informations d'un individu.<\/p>\n\n\n\n<p>R\u00e9visions de la Politique de Confidentialit\u00e9<\/p>\n\n\n\n<p>Notre entreprise se r\u00e9serve le droit de r\u00e9viser sa Politique de Confidentialit\u00e9.<\/p>\n\n\n\n<p>Nous contacter<\/p>\n\n\n\n<p>Si vous constatez que vos informations priv\u00e9es ont \u00e9t\u00e9 divulgu\u00e9es de mani\u00e8re inappropri\u00e9e ou si vous ne souhaitez plus accepter les services de l'entreprise ou notre politique de confidentialit\u00e9, ou pour toute remarque ou suggestion, veuillez envoyer un email \u00e0 notre entreprise, nous r\u00e9pondrons dans les meilleurs d\u00e9lais.<\/p>","protected":false},"excerpt":{"rendered":"<p>Hi Dolphin Robot Technology company fully respects the privacy of its customers. In order to maintain the confidentiality of all information you provide to us we strictly adhere to the following Privacy Policy outlined below. Privacy Policy Application Scope For site users to submit information and the server left the personally identifiable information. Information Collection [&hellip;]<\/p>","protected":false},"author":3,"featured_media":0,"parent":0,"menu_order":0,"comment_status":"closed","ping_status":"closed","template":"elementor_theme","meta":{"_seopress_robots_primary_cat":"","_seopress_titles_title":"","_seopress_titles_desc":"","_seopress_robots_index":"","footnotes":""},"class_list":["post-13525","page","type-page","status-publish","hentry"],"blocksy_meta":[],"_links":{"self":[{"href":"https:\/\/hi-dolphin.com\/fr\/wp-json\/wp\/v2\/pages\/13525","targetHints":{"allow":["GET"]}}],"collection":[{"href":"https:\/\/hi-dolphin.com\/fr\/wp-json\/wp\/v2\/pages"}],"about":[{"href":"https:\/\/hi-dolphin.com\/fr\/wp-json\/wp\/v2\/types\/page"}],"author":[{"embeddable":true,"href":"https:\/\/hi-dolphin.com\/fr\/wp-json\/wp\/v2\/users\/3"}],"replies":[{"embeddable":true,"href":"https:\/\/hi-dolphin.com\/fr\/wp-json\/wp\/v2\/comments?post=13525"}],"version-history":[{"count":0,"href":"https:\/\/hi-dolphin.com\/fr\/wp-json\/wp\/v2\/pages\/13525\/revisions"}],"wp:attachment":[{"href":"https:\/\/hi-dolphin.com\/fr\/wp-json\/wp\/v2\/media?parent=13525"}],"curies":[{"name":"wp","href":"https:\/\/api.w.org\/{rel}","templated":true}]}}