{"id":13639,"date":"2025-01-23T18:06:13","date_gmt":"2025-01-23T10:06:13","guid":{"rendered":"http:\/\/110.40.26.106:8086\/?page_id=13639"},"modified":"2025-01-23T18:06:13","modified_gmt":"2025-01-23T10:06:13","slug":"privacy-policy-3","status":"publish","type":"page","link":"https:\/\/hi-dolphin.com\/es\/privacy-policy-3\/","title":{"rendered":"Pol\u00edtica de privacidad"},"content":{"rendered":"<h2 class=\"wp-block-heading\">Cookies<\/h2><p>Nuestra&nbsp;<a href=\"https:\/\/wordpress.org\/about\/privacy\/\" rel=\"nofollow noopener\" target=\"_blank\">Pol\u00edtica de privacidad<\/a>&nbsp;explica nuestros principios en materia de recogida, tratamiento y almacenamiento de su informaci\u00f3n. La Pol\u00edtica de Cookies explica espec\u00edficamente c\u00f3mo nosotros, nuestros socios y los usuarios de nuestros servicios desplegamos cookies, as\u00ed como las opciones que tiene para controlarlas.<\/p><h2 class=\"wp-block-heading\">\u00bfQu\u00e9 son las cookies?<\/h2><p>Las cookies son peque\u00f1os fragmentos de datos, almacenados en archivos de texto, que se guardan en su ordenador u otro dispositivo cuando se cargan sitios web en un navegador. Se utilizan ampliamente para \u2018recordarle\u2019 a usted y sus preferencias, ya sea para una sola visita (mediante una \u2018cookie de sesi\u00f3n\u2019) o para m\u00faltiples visitas repetidas (utilizando una \u2018cookie persistente\u2019). Garantizan una experiencia coherente y eficaz para los visitantes y realizan funciones esenciales como permitir a los usuarios registrarse y permanecer conectados. Las cookies pueden ser instaladas por el sitio que est\u00e1 visitando (lo que se conoce como \u2018cookies de origen\u2019) o por terceros, como los que sirven contenidos o prestan servicios de publicidad o an\u00e1lisis en el sitio web (\u2018cookies de terceros\u2019).<\/p><h2 class=\"wp-block-heading\">Cookies establecidas por WordPress.org<\/h2><p>Utilizamos cookies con distintos fines. Algunas cookies son necesarias por razones t\u00e9cnicas; otras permiten una experiencia personalizada tanto para los visitantes como para los usuarios registrados; y otras permiten mostrar publicidad de redes de terceros seleccionados. Algunas de estas cookies pueden instalarse cuando se carga una p\u00e1gina o cuando un visitante realiza una acci\u00f3n determinada (por ejemplo, hacer clic en el bot\u00f3n \u2018Me gusta\u2019 o \u2018Seguir\u2019 de una entrada).<\/p><p>A continuaci\u00f3n se describen las diferentes categor\u00edas de cookies establecidas por WordPress.org, con ejemplos espec\u00edficos detallados en las tablas siguientes. Esto incluye su nombre y prop\u00f3sito. Algunas cookies s\u00f3lo se instalan para los visitantes que han iniciado sesi\u00f3n, mientras que otras se instalan para cualquier visitante. Cuando una cookie s\u00f3lo se aplica a subdominios espec\u00edficos, se incluyen bajo el encabezado correspondiente.<\/p><p><strong>Estrictamente necesario<\/strong>: Estas son las cookies esenciales para que WordPress.org realice funciones b\u00e1sicas. Entre ellas se incluyen las necesarias para que los usuarios registrados puedan autenticarse y realizar funciones relacionadas con la cuenta.<\/p><p><strong>Funcionalidad<\/strong>: Estas cookies se utilizan para almacenar las preferencias establecidas por los usuarios, como el nombre de cuenta, el idioma y la ubicaci\u00f3n.<\/p><p><strong>Rendimiento<\/strong>: Las cookies de rendimiento recopilan informaci\u00f3n sobre c\u00f3mo interact\u00faan los usuarios con los sitios web alojados en WordPress.org, incluidas las p\u00e1ginas m\u00e1s visitadas, as\u00ed como otros datos anal\u00edticos. Estos datos solo se utilizan para mejorar el funcionamiento del sitio web.<\/p><p><strong>Seguimiento<\/strong>: Las establecen redes de terceros de confianza (por ejemplo, Google Analytics) para hacer un seguimiento de datos como el n\u00famero de visitantes \u00fanicos y de p\u00e1ginas vistas para ayudar a mejorar la experiencia del usuario.<\/p><p><strong>Contenidos de terceros<\/strong>: WordPress.org hace uso de diferentes aplicaciones y servicios de terceros para mejorar la experiencia de los visitantes del sitio web. Entre ellos se incluyen plataformas de redes sociales como Facebook y Twitter (mediante el uso de botones para compartir), o contenido incrustado de YouTube y Vimeo. Como resultado, estos terceros pueden instalar cookies y utilizarlas para rastrear su actividad en l\u00ednea. No tenemos ning\u00fan control directo sobre la informaci\u00f3n que recogen estas cookies.<\/p>","protected":false},"excerpt":{"rendered":"<p>Cookies Nuestra Pol\u00edtica de Privacidad explica nuestros principios a la hora de recopilar, procesar y almacenar su informaci\u00f3n. La Pol\u00edtica de Cookies explica espec\u00edficamente c\u00f3mo nosotros, nuestros socios y los usuarios de nuestros servicios utilizamos las cookies, as\u00ed como las opciones que usted tiene para controlarlas. \u00bfQu\u00e9 son las cookies? Las cookies son peque\u00f1os fragmentos de datos, almacenados en texto [...]<\/p>","protected":false},"author":2,"featured_media":0,"parent":0,"menu_order":0,"comment_status":"closed","ping_status":"closed","template":"","meta":{"footnotes":""},"class_list":["post-13639","page","type-page","status-publish","hentry"],"blocksy_meta":[],"_links":{"self":[{"href":"https:\/\/hi-dolphin.com\/es\/wp-json\/wp\/v2\/pages\/13639","targetHints":{"allow":["GET"]}}],"collection":[{"href":"https:\/\/hi-dolphin.com\/es\/wp-json\/wp\/v2\/pages"}],"about":[{"href":"https:\/\/hi-dolphin.com\/es\/wp-json\/wp\/v2\/types\/page"}],"author":[{"embeddable":true,"href":"https:\/\/hi-dolphin.com\/es\/wp-json\/wp\/v2\/users\/2"}],"replies":[{"embeddable":true,"href":"https:\/\/hi-dolphin.com\/es\/wp-json\/wp\/v2\/comments?post=13639"}],"version-history":[{"count":0,"href":"https:\/\/hi-dolphin.com\/es\/wp-json\/wp\/v2\/pages\/13639\/revisions"}],"wp:attachment":[{"href":"https:\/\/hi-dolphin.com\/es\/wp-json\/wp\/v2\/media?parent=13639"}],"curies":[{"name":"wp","href":"https:\/\/api.w.org\/{rel}","templated":true}]}}