{"id":13525,"date":"2025-01-23T16:22:29","date_gmt":"2025-01-23T08:22:29","guid":{"rendered":"http:\/\/110.40.26.106:8086\/?page_id=13525"},"modified":"2025-01-23T16:24:52","modified_gmt":"2025-01-23T08:24:52","slug":"privacy-policy-2","status":"publish","type":"page","link":"https:\/\/hi-dolphin.com\/es\/privacy-policy-2\/","title":{"rendered":"Pol\u00edtica de privacidad"},"content":{"rendered":"<p>Hi Dolphin Robot Technology empresa respeta plenamente la privacidad de sus clientes. Con el fin de mantener la confidencialidad de toda la informaci\u00f3n que usted nos proporciona nos adherimos estrictamente a la siguiente Pol\u00edtica de Privacidad se indica a continuaci\u00f3n.<\/p><p>Pol\u00edtica de privacidad \u00c1mbito de aplicaci\u00f3n<\/p><p>Para los usuarios del sitio para enviar informaci\u00f3n y el servidor dej\u00f3 la informaci\u00f3n de identificaci\u00f3n personal.<\/p><p>Contenido de la recopilaci\u00f3n de informaci\u00f3n<\/p><p>Despu\u00e9s de que env\u00ede su pedido, recopilar\u00e9 su informaci\u00f3n de identificaci\u00f3n personal, incluido el nombre, la direcci\u00f3n de correo electr\u00f3nico, el c\u00f3digo postal, la direcci\u00f3n del destinatario, el tel\u00e9fono, etc.<\/p><p>Nuestra empresa puede recibir y registrar autom\u00e1ticamente detalles de informaci\u00f3n contenidos en el registro de su navegador o servidor, incluidos, entre otros, su direcci\u00f3n IP, informaci\u00f3n contenida en las cookies de Nuestra empresa y registros de las p\u00e1ginas web que ha visitado.<\/p><p>Protecci\u00f3n y uso de la informaci\u00f3n<\/p><p>La informaci\u00f3n arriba descrita recopilada por nuestra empresa se utilizar\u00e1 para:<\/p><p>Prestar servicios de productos a los clientes;<\/p><p>ofrecer a los clientes productos, incentivos y servicios de distribuci\u00f3n;<\/p><p>Prestaci\u00f3n de otros servicios a los clientes.<\/p><p>La informaci\u00f3n en poder de nuestra empresa relativa a un cliente se mantendr\u00e1 confidencial salvo en las siguientes circunstancias:<\/p><p>Usted acepta compartir la informaci\u00f3n con terceros;<\/p><p>El producto y los servicios que ha solicitado s\u00f3lo pueden ofrecerse con la divulgaci\u00f3n de su informaci\u00f3n;<\/p><p>La informaci\u00f3n es revelada adecuadamente por nuestra empresa dentro de su \u00e1mbito autorizado seg\u00fan lo exija la ley, por orden de un organismo autorizado o seg\u00fan lo requiera un procedimiento judicial;<\/p><p>Cuando nuestra empresa est\u00e9 obligada por ley a revelar informaci\u00f3n a un tercero en circunstancias en las que nuestra empresa descubra una infracci\u00f3n de las condiciones de servicio o de cualquier otra normativa relacionada con el uso de los productos y servicios de nuestra empresa;<\/p><p>Con el fin de mantener los intereses de los clientes y del p\u00fablico en caso de emergencia;<\/p><p>Cualquier otra circunstancia en la que nuestra empresa considere necesario publicar, recopilar o divulgar la informaci\u00f3n de un individuo.<\/p><p>Revisiones de la pol\u00edtica de privacidad<\/p><p>Nuestra empresa se reserva el derecho de revisar su Pol\u00edtica de Privacidad.<\/p><p>P\u00f3ngase en contacto con nosotros<\/p><p>Si usted encuentra que su informaci\u00f3n privada se divulga indebidamente o ya no desea aceptar los servicios de la empresa, o para nuestra pol\u00edtica de privacidad cualquier comentario o sugerencia, por favor env\u00ede un correo electr\u00f3nico a nuestra empresa, lo haremos de manera oportuna.<\/p>","protected":false},"excerpt":{"rendered":"<p>Hi Dolphin Robot Technology company fully respects the privacy of its customers. In order to maintain the confidentiality of all information you provide to us we strictly adhere to the following Privacy Policy outlined below. Privacy Policy Application Scope For site users to submit information and the server left the personally identifiable information. Information Collection [&hellip;]<\/p>","protected":false},"author":2,"featured_media":0,"parent":0,"menu_order":0,"comment_status":"closed","ping_status":"closed","template":"elementor_theme","meta":{"footnotes":""},"class_list":["post-13525","page","type-page","status-publish","hentry"],"blocksy_meta":[],"_links":{"self":[{"href":"https:\/\/hi-dolphin.com\/es\/wp-json\/wp\/v2\/pages\/13525","targetHints":{"allow":["GET"]}}],"collection":[{"href":"https:\/\/hi-dolphin.com\/es\/wp-json\/wp\/v2\/pages"}],"about":[{"href":"https:\/\/hi-dolphin.com\/es\/wp-json\/wp\/v2\/types\/page"}],"author":[{"embeddable":true,"href":"https:\/\/hi-dolphin.com\/es\/wp-json\/wp\/v2\/users\/2"}],"replies":[{"embeddable":true,"href":"https:\/\/hi-dolphin.com\/es\/wp-json\/wp\/v2\/comments?post=13525"}],"version-history":[{"count":0,"href":"https:\/\/hi-dolphin.com\/es\/wp-json\/wp\/v2\/pages\/13525\/revisions"}],"wp:attachment":[{"href":"https:\/\/hi-dolphin.com\/es\/wp-json\/wp\/v2\/media?parent=13525"}],"curies":[{"name":"wp","href":"https:\/\/api.w.org\/{rel}","templated":true}]}}