{"id":13525,"date":"2025-01-23T16:22:29","date_gmt":"2025-01-23T08:22:29","guid":{"rendered":"http:\/\/110.40.26.106:8086\/?page_id=13525"},"modified":"2025-01-23T16:24:52","modified_gmt":"2025-01-23T08:24:52","slug":"privacy-policy-2","status":"publish","type":"page","link":"https:\/\/hi-dolphin.com\/de\/privacy-policy-2\/","title":{"rendered":"Datenschutzbestimmungen"},"content":{"rendered":"<p>Das Unternehmen Hi Dolphin Robot Technology respektiert die Privatsph\u00e4re seiner Kunden in vollem Umfang. Um die Vertraulichkeit aller Informationen, die Sie uns zur Verf\u00fcgung stellen, zu wahren, halten wir uns strikt an die folgenden Datenschutzrichtlinien, die unten aufgef\u00fchrt sind.<\/p>\n\n\n\n<p>Datenschutzbestimmungen Anwendungsbereich<\/p>\n\n\n\n<p>F\u00fcr Website-Benutzer, Informationen zu \u00fcbermitteln und der Server links die pers\u00f6nlich identifizierbaren Informationen.<\/p>\n\n\n\n<p>Informationssammlung Inhalt<\/p>\n\n\n\n<p>Nachdem Sie Ihre Bestellung abgeschickt haben, sammle ich Ihre pers\u00f6nlichen Daten, einschlie\u00dflich Name, E-Mail-Adresse, Postleitzahl, Empf\u00e4ngeradresse, Telefon und so weiter.<\/p>\n\n\n\n<p>Unser Unternehmen kann automatisch Informationen erhalten und aufzeichnen, die im Protokoll Ihres Browsers oder Servers enthalten sind, einschlie\u00dflich, aber nicht beschr\u00e4nkt auf Ihre IP-Adresse, Informationen, die in den Cookies unseres Unternehmens enthalten sind, und Aufzeichnungen von Webseiten, die Sie besucht haben.<\/p>\n\n\n\n<p>Schutz und Nutzung von Informationen<\/p>\n\n\n\n<p>Die oben beschriebenen Informationen, die von unserem Unternehmen gesammelt werden, werden f\u00fcr folgende Zwecke verwendet:<\/p>\n\n\n\n<p>Bereitstellung von Produktdienstleistungen f\u00fcr Kunden;<\/p>\n\n\n\n<p>den Kunden Produkte, Anreize und Vertriebsdienstleistungen anzubieten;<\/p>\n\n\n\n<p>Erbringung anderer Dienstleistungen f\u00fcr Kunden.<\/p>\n\n\n\n<p>Informationen, die unser Unternehmen \u00fcber einen Kunden besitzt, werden vertraulich behandelt, au\u00dfer in den folgenden F\u00e4llen:<\/p>\n\n\n\n<p>Sie erkl\u00e4ren sich damit einverstanden, die Informationen an Dritte weiterzugeben;<\/p>\n\n\n\n<p>Das Produkt und die Dienstleistungen, die Sie angefordert haben, k\u00f6nnen nur mit der Weitergabe Ihrer Daten angeboten werden;<\/p>\n\n\n\n<p>Die Informationen werden von unserem Unternehmen in angemessener Weise im Rahmen seiner Befugnisse weitergegeben, wenn dies gesetzlich vorgeschrieben ist, von einer befugten Stelle angeordnet wird oder im Rahmen eines Gerichtsverfahrens erforderlich ist;<\/p>\n\n\n\n<p>Wenn unser Unternehmen gesetzlich verpflichtet ist, Informationen an Dritte weiterzugeben, wenn unser Unternehmen einen Versto\u00df gegen die Servicebedingungen oder andere Vorschriften in Bezug auf die Nutzung der Produkte und Dienstleistungen unseres Unternehmens feststellt;<\/p>\n\n\n\n<p>Zur Wahrung der Interessen der Kunden und der \u00d6ffentlichkeit im Falle eines Notfalls;<\/p>\n\n\n\n<p>Alle anderen Umst\u00e4nde, unter denen unser Unternehmen es f\u00fcr notwendig erachtet, die Daten einer Person zu ver\u00f6ffentlichen, zusammenzustellen oder weiterzugeben.<\/p>\n\n\n\n<p>\u00dcberarbeitung der Datenschutzrichtlinie<\/p>\n\n\n\n<p>Unser Unternehmen beh\u00e4lt sich das Recht vor, seine Datenschutzpolitik zu \u00e4ndern.<\/p>\n\n\n\n<p>Kontakt<\/p>\n\n\n\n<p>Wenn Sie feststellen, dass Ihre privaten Informationen unrechtm\u00e4\u00dfig offengelegt werden oder nicht mehr wollen, um die Dienste des Unternehmens zu akzeptieren, oder auf unsere Datenschutzbestimmungen keine Kommentare oder Anregungen, senden Sie bitte eine E-Mail an unser Unternehmen, werden wir zeitnah Weise.<\/p>","protected":false},"excerpt":{"rendered":"<p>Das Unternehmen Hi Dolphin Robot Technology respektiert die Privatsph\u00e4re seiner Kunden in vollem Umfang. Um die Vertraulichkeit aller Informationen, die Sie uns zur Verf\u00fcgung stellen, zu wahren, halten wir uns streng an die folgenden Datenschutzbestimmungen. Privacy Policy Application Scope F\u00fcr Website-Benutzer, Informationen zu \u00fcbermitteln und der Server links die pers\u00f6nlich identifizierbaren Informationen. Sammlung von Informationen [...]<\/p>","protected":false},"author":3,"featured_media":0,"parent":0,"menu_order":0,"comment_status":"closed","ping_status":"closed","template":"elementor_theme","meta":{"_seopress_robots_primary_cat":"","_seopress_titles_title":"","_seopress_titles_desc":"","_seopress_robots_index":"","footnotes":""},"class_list":["post-13525","page","type-page","status-publish","hentry"],"blocksy_meta":[],"_links":{"self":[{"href":"https:\/\/hi-dolphin.com\/de\/wp-json\/wp\/v2\/pages\/13525","targetHints":{"allow":["GET"]}}],"collection":[{"href":"https:\/\/hi-dolphin.com\/de\/wp-json\/wp\/v2\/pages"}],"about":[{"href":"https:\/\/hi-dolphin.com\/de\/wp-json\/wp\/v2\/types\/page"}],"author":[{"embeddable":true,"href":"https:\/\/hi-dolphin.com\/de\/wp-json\/wp\/v2\/users\/3"}],"replies":[{"embeddable":true,"href":"https:\/\/hi-dolphin.com\/de\/wp-json\/wp\/v2\/comments?post=13525"}],"version-history":[{"count":0,"href":"https:\/\/hi-dolphin.com\/de\/wp-json\/wp\/v2\/pages\/13525\/revisions"}],"wp:attachment":[{"href":"https:\/\/hi-dolphin.com\/de\/wp-json\/wp\/v2\/media?parent=13525"}],"curies":[{"name":"wp","href":"https:\/\/api.w.org\/{rel}","templated":true}]}}